{"id":9,"date":"2022-03-26T15:33:48","date_gmt":"2022-03-26T14:33:48","guid":{"rendered":"https:\/\/hmenos.de\/de\/?page_id=9"},"modified":"2022-06-30T18:26:14","modified_gmt":"2022-06-30T16:26:14","slug":"hmenos-beleuchtung","status":"publish","type":"page","link":"https:\/\/hmenos.de\/de\/hmenos-beleuchtung\/","title":{"rendered":"HmenoS Beleuchtung"},"content":{"rendered":"\n<p><strong>Unsere Webseite wird derzeit \u00fcberarbeitet.<\/strong><\/p>\n\n\n\n<p>Wir produzieren unsere Wohnzimmer Beleuchtungen in der T\u00fcrkei und verkaufen sie in ganzen Europa.<\/p>\n\n\n\n<p>Bitte wenden Sie sich bei uns f\u00fcr die Preise.<\/p>\n\n\n\n<p>Unten sehen Sie unser Katalog.<\/p>\n\n\n\n<div class=\"wp-block-cover is-light\"><span aria-hidden=\"true\" class=\"wp-block-cover__background has-background-dim\"><\/span><div class=\"wp-block-cover__inner-container is-layout-flow wp-block-cover-is-layout-flow\">\n<div class=\"wp-block-group\"><div class=\"wp-block-group__inner-container is-layout-flow wp-block-group-is-layout-flow\"><a href=\"https:\/\/hmenos.de\/de\/wp-content\/uploads\/2022\/06\/HmenoS-aydinlatma.pdf\" class=\"pdfemb-viewer\" style=\"\" data-width=\"max\" data-height=\"max\"  data-toolbar=\"bottom\" data-toolbar-fixed=\"off\">HmenoS-aydinlatma<br\/><\/a>\n<p class=\"wp-block-pdfemb-pdf-embedder-viewer\"><\/p>\n<\/div><\/div>\n<\/div><\/div>\n","protected":false},"excerpt":{"rendered":"<p>Unsere Webseite wird derzeit \u00fcberarbeitet. Wir produzieren unsere Wohnzimmer Beleuchtungen in der T\u00fcrkei und verkaufen sie in ganzen Europa. Bitte wenden Sie sich bei uns f\u00fcr die Preise. Unten sehen&#8230;<\/p>\n","protected":false},"author":1,"featured_media":0,"parent":0,"menu_order":0,"comment_status":"closed","ping_status":"closed","template":"","meta":{"footnotes":""},"_links":{"self":[{"href":"https:\/\/hmenos.de\/de\/wp-json\/wp\/v2\/pages\/9"}],"collection":[{"href":"https:\/\/hmenos.de\/de\/wp-json\/wp\/v2\/pages"}],"about":[{"href":"https:\/\/hmenos.de\/de\/wp-json\/wp\/v2\/types\/page"}],"author":[{"embeddable":true,"href":"https:\/\/hmenos.de\/de\/wp-json\/wp\/v2\/users\/1"}],"replies":[{"embeddable":true,"href":"https:\/\/hmenos.de\/de\/wp-json\/wp\/v2\/comments?post=9"}],"version-history":[{"count":5,"href":"https:\/\/hmenos.de\/de\/wp-json\/wp\/v2\/pages\/9\/revisions"}],"predecessor-version":[{"id":95,"href":"https:\/\/hmenos.de\/de\/wp-json\/wp\/v2\/pages\/9\/revisions\/95"}],"wp:attachment":[{"href":"https:\/\/hmenos.de\/de\/wp-json\/wp\/v2\/media?parent=9"}],"curies":[{"name":"wp","href":"https:\/\/api.w.org\/{rel}","templated":true}]}}