{"id":74,"date":"2022-06-30T17:37:55","date_gmt":"2022-06-30T15:37:55","guid":{"rendered":"https:\/\/hmenos.de\/de\/?page_id=74"},"modified":"2022-06-30T17:37:55","modified_gmt":"2022-06-30T15:37:55","slug":"kontaktdaten","status":"publish","type":"page","link":"https:\/\/hmenos.de\/de\/kontaktdaten\/","title":{"rendered":"Kontaktdaten"},"content":{"rendered":"\n<p>Firmenname : HmenoS<\/p>\n\n\n\n<p>Inhaber : Dipl. Ing. Serkan T\u00fcrkkan<\/p>\n\n\n\n<p>Adresse : Max-W\u00f6nner-Str. 26, 80995 M\u00fcnchen<\/p>\n\n\n\n<p>Handy : 0049 157 33 13 55 99<\/p>\n\n\n\n<p>Sprachen : T\u00fcrkisch ( Muttersprache ), Deutsch ( Verhandlungssicher ), Englisch ( Verhandlungssicher )<\/p>\n","protected":false},"excerpt":{"rendered":"<p>Firmenname : HmenoS Inhaber : Dipl. Ing. Serkan T\u00fcrkkan Adresse : Max-W\u00f6nner-Str. 26, 80995 M\u00fcnchen Handy : 0049 157 33 13 55 99 Sprachen : T\u00fcrkisch ( Muttersprache ), Deutsch&#8230;<\/p>\n","protected":false},"author":1,"featured_media":0,"parent":0,"menu_order":0,"comment_status":"closed","ping_status":"closed","template":"","meta":{"footnotes":""},"_links":{"self":[{"href":"https:\/\/hmenos.de\/de\/wp-json\/wp\/v2\/pages\/74"}],"collection":[{"href":"https:\/\/hmenos.de\/de\/wp-json\/wp\/v2\/pages"}],"about":[{"href":"https:\/\/hmenos.de\/de\/wp-json\/wp\/v2\/types\/page"}],"author":[{"embeddable":true,"href":"https:\/\/hmenos.de\/de\/wp-json\/wp\/v2\/users\/1"}],"replies":[{"embeddable":true,"href":"https:\/\/hmenos.de\/de\/wp-json\/wp\/v2\/comments?post=74"}],"version-history":[{"count":1,"href":"https:\/\/hmenos.de\/de\/wp-json\/wp\/v2\/pages\/74\/revisions"}],"predecessor-version":[{"id":76,"href":"https:\/\/hmenos.de\/de\/wp-json\/wp\/v2\/pages\/74\/revisions\/76"}],"wp:attachment":[{"href":"https:\/\/hmenos.de\/de\/wp-json\/wp\/v2\/media?parent=74"}],"curies":[{"name":"wp","href":"https:\/\/api.w.org\/{rel}","templated":true}]}}