{"id":6,"date":"2022-03-26T15:15:05","date_gmt":"2022-03-26T14:15:05","guid":{"rendered":"https:\/\/hmenos.de\/de\/?page_id=6"},"modified":"2022-06-30T17:52:34","modified_gmt":"2022-06-30T15:52:34","slug":"willkommen-bei-hmenos","status":"publish","type":"page","link":"https:\/\/hmenos.de\/de\/","title":{"rendered":"Willkommen bei HmenoS"},"content":{"rendered":"\n<p><strong>Unsere Webseite wird derzeit \u00fcberarbeitet.<\/strong><\/p>\n\n\n\n<p>Wir sind stolz, Ihnen mehrere Dienstleistungen anbieten zu d\u00fcrfen.<\/p>\n\n\n\n<p>Sie haben dadurch nur einen Ansprechpartner f\u00fcr alle Ihre Nebent\u00e4tigkeiten, die Sie bei Ihrer Arbeit abhalten.<\/p>\n\n\n\n<p>Wir \u00fcbernehmen vieles, somit k\u00f6nnen Sie sich auf Ihre Arbeit konzentrieren. <\/p>\n\n\n\n<p>Sie arbeiten dadurch zielgerecht und effektiv. <\/p>\n\n\n\n<p>Die Nebent\u00e4tigkeiten betragen mindestens 25 % Ihrer Arbeitszeit und Sie haben auch viel \u00c4rger, weil es immer lange dauert, bis Sie das Ziel erreicht haben.<\/p>\n\n\n\n<p>Wir bieten an: <\/p>\n\n\n\n<ul><li>IT L\u00f6sungen<\/li><li>Reinigung<\/li><li>Verpackung<\/li><li>Internet Pr\u00e4sentation<\/li><li>Werbung<\/li><li>Beleuchtung<\/li><li>SHoP<\/li><li>und vieles mehr. <\/li><\/ul>\n\n\n\n<p>Wir arbeiten auch mit mehreren Partnern, um Ihre Zufriedenheit garantieren zu k\u00f6nnen.<\/p>\n\n\n\n<p>Unsere Preise sind Transparenz und keine versteckten Kosten sind vorhanden.<\/p>\n\n\n\n<p>Wir beraten Sie jede Zeit und unverbindlich.<\/p>\n\n\n\n<p>Inhaber: Serkan T\u00fcrkkan<\/p>\n\n\n\n<p>Mobile : +49 157 33 13 55 99<\/p>\n","protected":false},"excerpt":{"rendered":"<p>Unsere Webseite wird derzeit \u00fcberarbeitet. Wir sind stolz, Ihnen mehrere Dienstleistungen anbieten zu d\u00fcrfen. Sie haben dadurch nur einen Ansprechpartner f\u00fcr alle Ihre Nebent\u00e4tigkeiten, die Sie bei Ihrer Arbeit abhalten&#8230;.<\/p>\n","protected":false},"author":1,"featured_media":0,"parent":0,"menu_order":0,"comment_status":"closed","ping_status":"closed","template":"","meta":{"footnotes":""},"_links":{"self":[{"href":"https:\/\/hmenos.de\/de\/wp-json\/wp\/v2\/pages\/6"}],"collection":[{"href":"https:\/\/hmenos.de\/de\/wp-json\/wp\/v2\/pages"}],"about":[{"href":"https:\/\/hmenos.de\/de\/wp-json\/wp\/v2\/types\/page"}],"author":[{"embeddable":true,"href":"https:\/\/hmenos.de\/de\/wp-json\/wp\/v2\/users\/1"}],"replies":[{"embeddable":true,"href":"https:\/\/hmenos.de\/de\/wp-json\/wp\/v2\/comments?post=6"}],"version-history":[{"count":9,"href":"https:\/\/hmenos.de\/de\/wp-json\/wp\/v2\/pages\/6\/revisions"}],"predecessor-version":[{"id":79,"href":"https:\/\/hmenos.de\/de\/wp-json\/wp\/v2\/pages\/6\/revisions\/79"}],"wp:attachment":[{"href":"https:\/\/hmenos.de\/de\/wp-json\/wp\/v2\/media?parent=6"}],"curies":[{"name":"wp","href":"https:\/\/api.w.org\/{rel}","templated":true}]}}