{"id":45,"date":"2022-06-29T21:28:18","date_gmt":"2022-06-29T19:28:18","guid":{"rendered":"https:\/\/hmenos.de\/de\/?page_id=45"},"modified":"2022-10-23T17:39:15","modified_gmt":"2022-10-23T15:39:15","slug":"hmenos-preisliste","status":"publish","type":"page","link":"https:\/\/hmenos.de\/de\/hmenos-preisliste\/","title":{"rendered":"HmenoS Preisliste"},"content":{"rendered":"\n<p><strong>Unsere Webseite wird derzeit \u00fcberarbeitet.<\/strong><\/p>\n\n\n\n<ul><li>.DE Domain 7 \u20ac<\/li><li>.COM Domain 13 \u20ac<\/li><li>WEBHOSTING 45 \u20ac ( 1 JAHR ) inkl. wie folgt :<ul><li>PHP, MYSQL, FTP, HTML<\/li><li>1GB Speicherplatz<\/li><li>Unbegrenzt Traffic<\/li><li>3 FTP, 3 MYSQL, 100 Email<\/li><\/ul><\/li><li>SSL Monatlich 5 \u20ac ( Jahrlich 50 \u20ac)<\/li><li>BACKUP f\u00fcr Ihre Webseite ab 35 \u20ac ( f\u00fcr ein Angebot bitte anfragen )<\/li><li>Umzug f\u00fcr Ihre Webseite ab 35 \u20ac ( f\u00fcr ein Angebot bitte anfragen )<\/li><li>Schulungen f\u00fcr Ihre Homepage, Internet Sicherheit, PC Nutzung usw. ab 35 \u20ac<\/li><li>B\u00fcro Umzug au\u00dfer Transport ( Nur Einrichtung von den Ger\u00e4ten ) ab 45 \u20ac pro Std. <\/li><li>Netzwerk Installation ab 35 \u20ac pro Std. exkl. Material<\/li><li>Kamera Installation und Einrichtung ab 150 \u20ac exkl. Kamera<\/li><li>Einrictung von Ihren Elektro Ger\u00e4ten und oder Installation, Drucker, Server, Kamera, Scanner, Musik Anlagen, Modem, Receiver usw. ab 35 \u20ac<\/li><li>Fehler Analyse f\u00fcr Ihr Netzwerk, Kamera, PC, Laptop, Handy, Tablet usw. ab 35 \u20ac<\/li><li>Applikation Entwicklung ab 1000 \u20ac<\/li><li>Webdesign ab 600 \u20ac<\/li><li>Template f\u00fcr Ihre vorhandene Webseite ab 300 \u20ac<\/li><li>Presta Shop Installation ohne Template ab 199 \u20ac<\/li><li>Foren Installation ohne Template ab 199 \u20ac<\/li><li>WordPress Installation ohne Template ab 199 \u20ac<\/li><li>Aufr\u00fcstung von HDD auf SSD ohne Installation inkl. SSD 256 GB ab 99 \u20ac<\/li><li>Aufr\u00fcstung von HDD auf SSD mit Betribsystem Installation inkl. SSD 256 GB ab 149 \u20ac ( Sie m\u00fcssen eigene Betriebsystem Lizenz haben, ansonsten kommt noch Betriebsystem kosten noch dazu )<\/li><li><\/li><\/ul>\n\n\n\n<p>Unsere Preise sind immer transperenz und wir haben keine versteckte Kosten. Das sind wir. HmenoS IT Solutions.<\/p>\n\n\n\n<p><\/p>\n\n\n\n<p><\/p>\n","protected":false},"excerpt":{"rendered":"<p>Unsere Webseite wird derzeit \u00fcberarbeitet. .DE Domain 7 \u20ac .COM Domain 13 \u20ac WEBHOSTING 45 \u20ac ( 1 JAHR ) inkl. wie folgt : PHP, MYSQL, FTP, HTML 1GB Speicherplatz&#8230;<\/p>\n","protected":false},"author":1,"featured_media":0,"parent":0,"menu_order":0,"comment_status":"closed","ping_status":"closed","template":"","meta":{"footnotes":""},"_links":{"self":[{"href":"https:\/\/hmenos.de\/de\/wp-json\/wp\/v2\/pages\/45"}],"collection":[{"href":"https:\/\/hmenos.de\/de\/wp-json\/wp\/v2\/pages"}],"about":[{"href":"https:\/\/hmenos.de\/de\/wp-json\/wp\/v2\/types\/page"}],"author":[{"embeddable":true,"href":"https:\/\/hmenos.de\/de\/wp-json\/wp\/v2\/users\/1"}],"replies":[{"embeddable":true,"href":"https:\/\/hmenos.de\/de\/wp-json\/wp\/v2\/comments?post=45"}],"version-history":[{"count":7,"href":"https:\/\/hmenos.de\/de\/wp-json\/wp\/v2\/pages\/45\/revisions"}],"predecessor-version":[{"id":111,"href":"https:\/\/hmenos.de\/de\/wp-json\/wp\/v2\/pages\/45\/revisions\/111"}],"wp:attachment":[{"href":"https:\/\/hmenos.de\/de\/wp-json\/wp\/v2\/media?parent=45"}],"curies":[{"name":"wp","href":"https:\/\/api.w.org\/{rel}","templated":true}]}}