{"id":19,"date":"2022-03-26T15:35:49","date_gmt":"2022-03-26T14:35:49","guid":{"rendered":"https:\/\/hmenos.de\/de\/?page_id=19"},"modified":"2022-06-30T18:31:24","modified_gmt":"2022-06-30T16:31:24","slug":"hmenos-werbung","status":"publish","type":"page","link":"https:\/\/hmenos.de\/de\/hmenos-werbung\/","title":{"rendered":"HmenoS Werbung"},"content":{"rendered":"\n<p><strong>Unsere Webseite wird derzeit \u00fcberarbeitet.<\/strong><\/p>\n\n\n\n<p>Wir bieten auch Werbematerial aller Art an. <\/p>\n\n\n\n<p>Wir organizieren alles f\u00fcr Sie, damit Sie sich auf Ihre Arbeit konzentrieren k\u00f6nnen.<\/p>\n\n\n\n<p>F\u00fcr weitere Details wenden Sie sich bitte an uns.<\/p>\n","protected":false},"excerpt":{"rendered":"<p>Unsere Webseite wird derzeit \u00fcberarbeitet. Wir bieten auch Werbematerial aller Art an. Wir organizieren alles f\u00fcr Sie, damit Sie sich auf Ihre Arbeit konzentrieren k\u00f6nnen. F\u00fcr weitere Details wenden Sie&#8230;<\/p>\n","protected":false},"author":1,"featured_media":0,"parent":0,"menu_order":0,"comment_status":"closed","ping_status":"closed","template":"","meta":{"footnotes":""},"_links":{"self":[{"href":"https:\/\/hmenos.de\/de\/wp-json\/wp\/v2\/pages\/19"}],"collection":[{"href":"https:\/\/hmenos.de\/de\/wp-json\/wp\/v2\/pages"}],"about":[{"href":"https:\/\/hmenos.de\/de\/wp-json\/wp\/v2\/types\/page"}],"author":[{"embeddable":true,"href":"https:\/\/hmenos.de\/de\/wp-json\/wp\/v2\/users\/1"}],"replies":[{"embeddable":true,"href":"https:\/\/hmenos.de\/de\/wp-json\/wp\/v2\/comments?post=19"}],"version-history":[{"count":3,"href":"https:\/\/hmenos.de\/de\/wp-json\/wp\/v2\/pages\/19\/revisions"}],"predecessor-version":[{"id":97,"href":"https:\/\/hmenos.de\/de\/wp-json\/wp\/v2\/pages\/19\/revisions\/97"}],"wp:attachment":[{"href":"https:\/\/hmenos.de\/de\/wp-json\/wp\/v2\/media?parent=19"}],"curies":[{"name":"wp","href":"https:\/\/api.w.org\/{rel}","templated":true}]}}