{"id":15,"date":"2022-03-26T15:34:57","date_gmt":"2022-03-26T14:34:57","guid":{"rendered":"https:\/\/hmenos.de\/de\/?page_id=15"},"modified":"2022-06-30T18:41:01","modified_gmt":"2022-06-30T16:41:01","slug":"hmenos-reinigung","status":"publish","type":"page","link":"https:\/\/hmenos.de\/de\/hmenos-reinigung\/","title":{"rendered":"HmenoS Reinigung"},"content":{"rendered":"\n<p><strong>Unsere Webseite wird derzeit \u00fcberarbeitet.<\/strong><\/p>\n\n\n\n<p>Mit unserer 10 J\u00e4hrige Erfahrung bieten wir an :<\/p>\n\n\n\n<ul><li>Geb\u00e4udereinigung<\/li><li>B\u00fcrounterhaltsreinigung<\/li><li>Praxisreinigung<\/li><li>Krankenhausreinigung<\/li><li>Treppenhausreinigung<\/li><li>Baufeinreinigung<\/li><li>Glasreinigung<\/li><li>Jalousiereinigung<\/li><li>Fassadenreinigung<\/li><li>Hausmeisterservice<\/li><li>Kleine Reparatur<\/li><li>Gr\u00fcnanlage pflegen<\/li><li>Rasenm\u00e4hen<\/li><li>Raum Ausstattung<\/li><li>Teppichreinigung<\/li><li>und vieles mehr\u2026<\/li><\/ul>\n","protected":false},"excerpt":{"rendered":"<p>Unsere Webseite wird derzeit \u00fcberarbeitet. Mit unserer 10 J\u00e4hrige Erfahrung bieten wir an : Geb\u00e4udereinigung B\u00fcrounterhaltsreinigung Praxisreinigung Krankenhausreinigung Treppenhausreinigung Baufeinreinigung Glasreinigung Jalousiereinigung Fassadenreinigung Hausmeisterservice Kleine Reparatur Gr\u00fcnanlage pflegen Rasenm\u00e4hen Raum&#8230;<\/p>\n","protected":false},"author":1,"featured_media":0,"parent":0,"menu_order":0,"comment_status":"closed","ping_status":"closed","template":"","meta":{"footnotes":""},"_links":{"self":[{"href":"https:\/\/hmenos.de\/de\/wp-json\/wp\/v2\/pages\/15"}],"collection":[{"href":"https:\/\/hmenos.de\/de\/wp-json\/wp\/v2\/pages"}],"about":[{"href":"https:\/\/hmenos.de\/de\/wp-json\/wp\/v2\/types\/page"}],"author":[{"embeddable":true,"href":"https:\/\/hmenos.de\/de\/wp-json\/wp\/v2\/users\/1"}],"replies":[{"embeddable":true,"href":"https:\/\/hmenos.de\/de\/wp-json\/wp\/v2\/comments?post=15"}],"version-history":[{"count":5,"href":"https:\/\/hmenos.de\/de\/wp-json\/wp\/v2\/pages\/15\/revisions"}],"predecessor-version":[{"id":102,"href":"https:\/\/hmenos.de\/de\/wp-json\/wp\/v2\/pages\/15\/revisions\/102"}],"wp:attachment":[{"href":"https:\/\/hmenos.de\/de\/wp-json\/wp\/v2\/media?parent=15"}],"curies":[{"name":"wp","href":"https:\/\/api.w.org\/{rel}","templated":true}]}}